{"id":61,"date":"2026-01-07T07:31:39","date_gmt":"2026-01-07T07:31:39","guid":{"rendered":"https:\/\/anker.penyigeydesign.hu\/?page_id=61"},"modified":"2026-01-19T07:39:54","modified_gmt":"2026-01-19T07:39:54","slug":"menetrendezes","status":"publish","type":"page","link":"https:\/\/www.fenersol.hu\/en\/menetrendezes\/","title":{"rendered":"Scheduling services"},"content":{"rendered":"<div id=\"fws_69f0c46db731b\"  data-column-margin=\"40px\" data-midnight=\"dark\" data-top-percent=\"3%\"  class=\"wpb_row vc_row-fluid vc_row vc_row-o-equal-height vc_row-flex vc_row-o-content-middle\"  style=\"padding-top: calc(100vw * 0.03); padding-bottom: 0px; \"><div class=\"row-bg-wrap\" data-bg-animation=\"none\" data-bg-animation-delay=\"\" data-bg-overlay=\"false\"><div class=\"inner-wrap row-bg-layer\" ><div class=\"row-bg viewport-desktop\"  style=\"\"><\/div><\/div><\/div><div class=\"row_col_wrap_12 col span_12 dark left\">\n\t<div  class=\"vc_col-sm-6 wpb_column column_container vc_column_container col no-extra-padding inherit_tablet inherit_phone flex_gap_desktop_10px\"  data-padding-pos=\"all\" data-has-bg-color=\"false\" data-bg-color=\"\" data-bg-opacity=\"1\" data-animation=\"\" data-delay=\"0\" >\n\t\t<div class=\"vc_column-inner\" >\n\t\t\t<div class=\"wpb_wrapper\">\n\t\t\t\t<div class=\"nectar-split-heading\" data-align=\"default\" data-m-align=\"inherit\" data-text-effect=\"letter-reveal-bottom\" data-animation-type=\"line-reveal-by-space\" data-animation-delay=\"0\" data-animation-offset=\"\" data-m-rm-animation=\"true\" data-stagger=\"true\" data-custom-font-size=\"false\" ><h2 style=\" color: #ccb100;\">Scheduling services<\/h2><\/div>\n<div class=\"wpb_text_column wpb_content_element\" >\n\t<p style=\"text-align: justify;\">In recent years, utility-scale solar power plants have been built on in increasingly large measure in our country. We provide comprehensive scheduling services for weather-dependent renewable energy producers that function commercially or in a feed-in tariff system. Our service includes the assumption of the balancing energy costs, the assumption of various official data supply, the related professional support and the monitoring of the power plant\u2019s energy production.<\/p>\n<\/div>\n\n\n\n\n\t\t\t<\/div> \n\t\t<\/div>\n\t<\/div> \n\n\t<div  class=\"vc_col-sm-6 wpb_column column_container vc_column_container col no-extra-padding inherit_tablet inherit_phone flex_gap_desktop_10px\"  data-padding-pos=\"all\" data-has-bg-color=\"false\" data-bg-color=\"\" data-bg-opacity=\"1\" data-animation=\"\" data-delay=\"0\" >\n\t\t<div class=\"vc_column-inner\" >\n\t\t\t<div class=\"wpb_wrapper\">\n\t\t\t\t<div class=\"img-with-aniamtion-wrap center\" data-max-width=\"100%\" data-max-width-mobile=\"default\" data-border-radius=\"5px\" data-shadow=\"small_depth\" data-animation=\"fade-in-from-bottom\" >\n      <div class=\"inner\">\n        <div class=\"hover-wrap\" data-hover-animation=\"zoom-crop\"> \n          <div class=\"hover-wrap-inner\">\n            <img loading=\"lazy\" decoding=\"async\" class=\"img-with-animation skip-lazy\" data-delay=\"0\" height=\"667\" width=\"1000\" data-animation=\"fade-in-from-bottom\" src=\"https:\/\/www.fenersol.hu\/wp-content\/uploads\/2026\/01\/19526.jpg\" alt=\"\" srcset=\"https:\/\/www.fenersol.hu\/wp-content\/uploads\/2026\/01\/19526.jpg 1000w, https:\/\/www.fenersol.hu\/wp-content\/uploads\/2026\/01\/19526-300x200.jpg 300w, https:\/\/www.fenersol.hu\/wp-content\/uploads\/2026\/01\/19526-768x512.jpg 768w, https:\/\/www.fenersol.hu\/wp-content\/uploads\/2026\/01\/19526-900x600.jpg 900w\" sizes=\"auto, (max-width: 1000px) 100vw, 1000px\" \/>\n          <\/div>\n        <\/div>\n        \n      <\/div>\n    <\/div>\n\t\t\t<\/div> \n\t\t<\/div>\n\t<\/div> \n<\/div><\/div>","protected":false},"excerpt":{"rendered":"Menetrendez\u00e9s Az elm\u00falt \u00e9vekben egyre nagyobb m\u00e9rt\u00e9kben \u00e9p\u00fcltek ipari m\u00e9ret\u0171 napelemparkok haz\u00e1nk ter\u00fclet\u00e9n. Az id\u0151j\u00e1r\u00e1sf\u00fcgg\u0151 meg\u00fajul\u00f3 energiatermel\u0151k sz\u00e1m\u00e1ra a K\u00c1T, a pr\u00e9mium \u00e9s a t\u00e1mogat\u00e1si rendszereken k\u00edv\u00fcl \u00fczemel\u0151 er\u0151m\u0171vek sz\u00e1m\u00e1ra...","protected":false},"author":1,"featured_media":0,"parent":0,"menu_order":0,"comment_status":"closed","ping_status":"closed","template":"","meta":{"footnotes":""},"class_list":["post-61","page","type-page","status-publish"],"_links":{"self":[{"href":"https:\/\/www.fenersol.hu\/en\/wp-json\/wp\/v2\/pages\/61","targetHints":{"allow":["GET"]}}],"collection":[{"href":"https:\/\/www.fenersol.hu\/en\/wp-json\/wp\/v2\/pages"}],"about":[{"href":"https:\/\/www.fenersol.hu\/en\/wp-json\/wp\/v2\/types\/page"}],"author":[{"embeddable":true,"href":"https:\/\/www.fenersol.hu\/en\/wp-json\/wp\/v2\/users\/1"}],"replies":[{"embeddable":true,"href":"https:\/\/www.fenersol.hu\/en\/wp-json\/wp\/v2\/comments?post=61"}],"version-history":[{"count":8,"href":"https:\/\/www.fenersol.hu\/en\/wp-json\/wp\/v2\/pages\/61\/revisions"}],"predecessor-version":[{"id":322,"href":"https:\/\/www.fenersol.hu\/en\/wp-json\/wp\/v2\/pages\/61\/revisions\/322"}],"wp:attachment":[{"href":"https:\/\/www.fenersol.hu\/en\/wp-json\/wp\/v2\/media?parent=61"}],"curies":[{"name":"wp","href":"https:\/\/api.w.org\/{rel}","templated":true}]}}