{"id":309,"date":"2026-01-17T20:10:50","date_gmt":"2026-01-17T20:10:50","guid":{"rendered":"https:\/\/www.fenersol.hu\/?page_id=309"},"modified":"2026-01-19T08:30:48","modified_gmt":"2026-01-19T08:30:48","slug":"rolunk","status":"publish","type":"page","link":"https:\/\/www.fenersol.hu\/en\/rolunk\/","title":{"rendered":"About Us"},"content":{"rendered":"<div id=\"fws_69f0c2428350e\"  data-column-margin=\"40px\" data-midnight=\"dark\" data-top-percent=\"3%\"  class=\"wpb_row vc_row-fluid vc_row vc_row-o-equal-height vc_row-flex vc_row-o-content-middle\"  style=\"padding-top: calc(100vw * 0.03); padding-bottom: 0px; \"><div class=\"row-bg-wrap\" data-bg-animation=\"none\" data-bg-animation-delay=\"\" data-bg-overlay=\"false\"><div class=\"inner-wrap row-bg-layer\" ><div class=\"row-bg viewport-desktop\"  style=\"\"><\/div><\/div><\/div><div class=\"row_col_wrap_12 col span_12 dark left\">\n\t<div  class=\"vc_col-sm-6 wpb_column column_container vc_column_container col no-extra-padding inherit_tablet inherit_phone flex_gap_desktop_10px\"  data-padding-pos=\"all\" data-has-bg-color=\"false\" data-bg-color=\"\" data-bg-opacity=\"1\" data-animation=\"\" data-delay=\"0\" >\n\t\t<div class=\"vc_column-inner\" >\n\t\t\t<div class=\"wpb_wrapper\">\n\t\t\t\t<div class=\"nectar-split-heading\" data-align=\"default\" data-m-align=\"inherit\" data-text-effect=\"letter-reveal-bottom\" data-animation-type=\"line-reveal-by-space\" data-animation-delay=\"0\" data-animation-offset=\"\" data-m-rm-animation=\"true\" data-stagger=\"true\" data-custom-font-size=\"false\" ><h2 style=\" color: #ccb100;\">About Us<\/h2><\/div>\n<div class=\"wpb_text_column wpb_content_element\" >\n\t<p style=\"text-align: justify;\" class=\"translation-block\">The European energy market, which has been undergoing increasingly dynamic transformation for years, has by now forced all market participants to rethink traditional solutions. As a result, <strong>Fenersol Ltd.  <\/strong>was founded in May 2023 through the cooperation of professionals with decades of industry experience. Our diverse expertise spans the energy sector, IT, and data science, covering a wide range of industry experience. This includes production management of conventional (fossil-based \u2013 natural gas, hard coal, lignite, etc.) and renewable power plants, operation of control centers, and electricity trading.<\/p>\n<\/div>\n\n\n\n\n\t\t\t<\/div> \n\t\t<\/div>\n\t<\/div> \n\n\t<div  class=\"vc_col-sm-6 wpb_column column_container vc_column_container col no-extra-padding inherit_tablet inherit_phone flex_gap_desktop_10px\"  data-padding-pos=\"all\" data-has-bg-color=\"false\" data-bg-color=\"\" data-bg-opacity=\"1\" data-animation=\"\" data-delay=\"0\" >\n\t\t<div class=\"vc_column-inner\" >\n\t\t\t<div class=\"wpb_wrapper\">\n\t\t\t\t<div class=\"img-with-aniamtion-wrap center\" data-max-width=\"100%\" data-max-width-mobile=\"default\" data-border-radius=\"5px\" data-shadow=\"small_depth\" data-animation=\"fade-in-from-bottom\" >\n      <div class=\"inner\">\n        <div class=\"hover-wrap\" data-hover-animation=\"zoom-crop\"> \n          <div class=\"hover-wrap-inner\">\n            <img loading=\"lazy\" decoding=\"async\" class=\"img-with-animation skip-lazy\" data-delay=\"0\" height=\"1282\" width=\"1920\" data-animation=\"fade-in-from-bottom\" src=\"https:\/\/www.fenersol.hu\/wp-content\/uploads\/2026\/01\/iStock-1149049398.jpg\" alt=\"\" srcset=\"https:\/\/www.fenersol.hu\/wp-content\/uploads\/2026\/01\/iStock-1149049398.jpg 1920w, https:\/\/www.fenersol.hu\/wp-content\/uploads\/2026\/01\/iStock-1149049398-300x200.jpg 300w, https:\/\/www.fenersol.hu\/wp-content\/uploads\/2026\/01\/iStock-1149049398-1024x684.jpg 1024w, https:\/\/www.fenersol.hu\/wp-content\/uploads\/2026\/01\/iStock-1149049398-768x513.jpg 768w, https:\/\/www.fenersol.hu\/wp-content\/uploads\/2026\/01\/iStock-1149049398-1536x1026.jpg 1536w, https:\/\/www.fenersol.hu\/wp-content\/uploads\/2026\/01\/iStock-1149049398-900x600.jpg 900w\" sizes=\"auto, (max-width: 1920px) 100vw, 1920px\" \/>\n          <\/div>\n        <\/div>\n        \n      <\/div>\n    <\/div>\n\t\t\t<\/div> \n\t\t<\/div>\n\t<\/div> \n<\/div><\/div>","protected":false},"excerpt":{"rendered":"R\u00f3lunk Az \u00e9vek \u00f3ta egyre dinamikusabban \u00e1talakul\u00f3 eur\u00f3pai energiapiac m\u00e1ra minden piaci szerepl\u0151t az addigi klasszikus megold\u00e1sok \u00fajragondol\u00e1s\u00e1ra k\u00e9sztetett. Ennek eredm\u00e9nyek\u00e9ppen a Fenersol Kft. \u00e9vtizedes szakmai tapasztalattal rendelkez\u0151 szakemberek egy\u00fcttm\u0171k\u00f6d\u00e9s\u00e9vel...","protected":false},"author":1,"featured_media":0,"parent":0,"menu_order":0,"comment_status":"closed","ping_status":"closed","template":"","meta":{"footnotes":""},"class_list":["post-309","page","type-page","status-publish"],"_links":{"self":[{"href":"https:\/\/www.fenersol.hu\/en\/wp-json\/wp\/v2\/pages\/309","targetHints":{"allow":["GET"]}}],"collection":[{"href":"https:\/\/www.fenersol.hu\/en\/wp-json\/wp\/v2\/pages"}],"about":[{"href":"https:\/\/www.fenersol.hu\/en\/wp-json\/wp\/v2\/types\/page"}],"author":[{"embeddable":true,"href":"https:\/\/www.fenersol.hu\/en\/wp-json\/wp\/v2\/users\/1"}],"replies":[{"embeddable":true,"href":"https:\/\/www.fenersol.hu\/en\/wp-json\/wp\/v2\/comments?post=309"}],"version-history":[{"count":2,"href":"https:\/\/www.fenersol.hu\/en\/wp-json\/wp\/v2\/pages\/309\/revisions"}],"predecessor-version":[{"id":339,"href":"https:\/\/www.fenersol.hu\/en\/wp-json\/wp\/v2\/pages\/309\/revisions\/339"}],"wp:attachment":[{"href":"https:\/\/www.fenersol.hu\/en\/wp-json\/wp\/v2\/media?parent=309"}],"curies":[{"name":"wp","href":"https:\/\/api.w.org\/{rel}","templated":true}]}}