{"id":304,"date":"2026-01-17T20:08:29","date_gmt":"2026-01-17T20:08:29","guid":{"rendered":"https:\/\/www.fenersol.hu\/?page_id=304"},"modified":"2026-01-19T07:42:06","modified_gmt":"2026-01-19T07:42:06","slug":"energiakereskedelem","status":"publish","type":"page","link":"https:\/\/www.fenersol.hu\/en\/energiakereskedelem\/","title":{"rendered":"Energy trading"},"content":{"rendered":"<div id=\"fws_69f0c21ec7b42\"  data-column-margin=\"40px\" data-midnight=\"dark\" data-top-percent=\"3%\"  class=\"wpb_row vc_row-fluid vc_row vc_row-o-equal-height vc_row-flex vc_row-o-content-middle\"  style=\"padding-top: calc(100vw * 0.03); padding-bottom: 0px; \"><div class=\"row-bg-wrap\" data-bg-animation=\"none\" data-bg-animation-delay=\"\" data-bg-overlay=\"false\"><div class=\"inner-wrap row-bg-layer\" ><div class=\"row-bg viewport-desktop\"  style=\"\"><\/div><\/div><\/div><div class=\"row_col_wrap_12 col span_12 dark left\">\n\t<div  class=\"vc_col-sm-6 wpb_column column_container vc_column_container col no-extra-padding inherit_tablet inherit_phone flex_gap_desktop_10px\"  data-padding-pos=\"all\" data-has-bg-color=\"false\" data-bg-color=\"\" data-bg-opacity=\"1\" data-animation=\"\" data-delay=\"0\" >\n\t\t<div class=\"vc_column-inner\" >\n\t\t\t<div class=\"wpb_wrapper\">\n\t\t\t\t<div class=\"nectar-split-heading\" data-align=\"default\" data-m-align=\"inherit\" data-text-effect=\"letter-reveal-bottom\" data-animation-type=\"line-reveal-by-space\" data-animation-delay=\"0\" data-animation-offset=\"\" data-m-rm-animation=\"true\" data-stagger=\"true\" data-custom-font-size=\"false\" ><h2 style=\" color: #ccb100;\">Energy trading<\/h2><\/div>\n<div class=\"wpb_text_column wpb_content_element\" >\n\t<p style=\"text-align: justify;\">The foundation of our activities is an algorithmic trading mechanism, the advantages of which we leverage through data-driven decision-making and an ever-increasing level of automation, aligned with continuously evolving industry trends in a modern technological environment. As a result, we can efficiently manage the production and algorithmic exchange trading of solar power plants (K\u00c1T\/premium\/open market\/inverse power), wind power plants, conventional power plants, as well as associated or standalone battery energy storage systems, in order to achieve the best possible profit.<\/p>\n<p style=\"text-align: justify;\">Thanks to this, we offer solutions ranging from simple systems to complex power plant and system-level services within the Hungarian electricity system.<\/p>\n<\/div>\n\n\n\n\n\t\t\t<\/div> \n\t\t<\/div>\n\t<\/div> \n\n\t<div  class=\"vc_col-sm-6 wpb_column column_container vc_column_container col no-extra-padding inherit_tablet inherit_phone flex_gap_desktop_10px\"  data-padding-pos=\"all\" data-has-bg-color=\"false\" data-bg-color=\"\" data-bg-opacity=\"1\" data-animation=\"\" data-delay=\"0\" >\n\t\t<div class=\"vc_column-inner\" >\n\t\t\t<div class=\"wpb_wrapper\">\n\t\t\t\t<div class=\"img-with-aniamtion-wrap center\" data-max-width=\"100%\" data-max-width-mobile=\"default\" data-border-radius=\"5px\" data-shadow=\"small_depth\" data-animation=\"fade-in-from-bottom\" >\n      <div class=\"inner\">\n        <div class=\"hover-wrap\" data-hover-animation=\"zoom-crop\"> \n          <div class=\"hover-wrap-inner\">\n            <img loading=\"lazy\" decoding=\"async\" class=\"img-with-animation skip-lazy\" data-delay=\"0\" height=\"559\" width=\"1000\" data-animation=\"fade-in-from-bottom\" src=\"https:\/\/www.fenersol.hu\/wp-content\/uploads\/2026\/01\/6501.jpg\" alt=\"\" srcset=\"https:\/\/www.fenersol.hu\/wp-content\/uploads\/2026\/01\/6501.jpg 1000w, https:\/\/www.fenersol.hu\/wp-content\/uploads\/2026\/01\/6501-300x168.jpg 300w, https:\/\/www.fenersol.hu\/wp-content\/uploads\/2026\/01\/6501-768x429.jpg 768w\" sizes=\"auto, (max-width: 1000px) 100vw, 1000px\" \/>\n          <\/div>\n        <\/div>\n        \n      <\/div>\n    <\/div>\n\t\t\t<\/div> \n\t\t<\/div>\n\t<\/div> \n<\/div><\/div>","protected":false},"excerpt":{"rendered":"Energiakereskedelem Tev\u00e9kenys\u00e9g\u00fcnk alapja az algoritmikus kereskedelmi mechanizmus, amelynek el\u0151nyeit az adatalap\u00fa d\u00f6nt\u00e9shozatallal \u00e9s az egyre magasabb fok\u00fa automatiz\u00e1ci\u00f3val a folyamatosan v\u00e1ltoz\u00f3 ipar\u00e1gi trendeknek megfelel\u0151en egyre modernebb k\u00f6rnyezetben kamatoztatjuk. \u00cdgy b\u00e1rmilyen...","protected":false},"author":1,"featured_media":0,"parent":0,"menu_order":0,"comment_status":"closed","ping_status":"closed","template":"","meta":{"footnotes":""},"class_list":["post-304","page","type-page","status-publish"],"_links":{"self":[{"href":"https:\/\/www.fenersol.hu\/en\/wp-json\/wp\/v2\/pages\/304","targetHints":{"allow":["GET"]}}],"collection":[{"href":"https:\/\/www.fenersol.hu\/en\/wp-json\/wp\/v2\/pages"}],"about":[{"href":"https:\/\/www.fenersol.hu\/en\/wp-json\/wp\/v2\/types\/page"}],"author":[{"embeddable":true,"href":"https:\/\/www.fenersol.hu\/en\/wp-json\/wp\/v2\/users\/1"}],"replies":[{"embeddable":true,"href":"https:\/\/www.fenersol.hu\/en\/wp-json\/wp\/v2\/comments?post=304"}],"version-history":[{"count":2,"href":"https:\/\/www.fenersol.hu\/en\/wp-json\/wp\/v2\/pages\/304\/revisions"}],"predecessor-version":[{"id":325,"href":"https:\/\/www.fenersol.hu\/en\/wp-json\/wp\/v2\/pages\/304\/revisions\/325"}],"wp:attachment":[{"href":"https:\/\/www.fenersol.hu\/en\/wp-json\/wp\/v2\/media?parent=304"}],"curies":[{"name":"wp","href":"https:\/\/api.w.org\/{rel}","templated":true}]}}