{"id":302,"date":"2026-01-17T20:08:16","date_gmt":"2026-01-17T20:08:16","guid":{"rendered":"https:\/\/www.fenersol.hu\/?page_id=302"},"modified":"2026-01-19T07:46:36","modified_gmt":"2026-01-19T07:46:36","slug":"energiatarolas","status":"publish","type":"page","link":"https:\/\/www.fenersol.hu\/en\/energiatarolas\/","title":{"rendered":"Energy storage"},"content":{"rendered":"<div id=\"fws_69f0c2058ad28\"  data-column-margin=\"40px\" data-midnight=\"dark\" data-top-percent=\"3%\"  class=\"wpb_row vc_row-fluid vc_row vc_row-o-equal-height vc_row-flex vc_row-o-content-middle\"  style=\"padding-top: calc(100vw * 0.03); padding-bottom: 0px; \"><div class=\"row-bg-wrap\" data-bg-animation=\"none\" data-bg-animation-delay=\"\" data-bg-overlay=\"false\"><div class=\"inner-wrap row-bg-layer\" ><div class=\"row-bg viewport-desktop\"  style=\"\"><\/div><\/div><\/div><div class=\"row_col_wrap_12 col span_12 dark left\">\n\t<div  class=\"vc_col-sm-6 wpb_column column_container vc_column_container col no-extra-padding inherit_tablet inherit_phone flex_gap_desktop_10px\"  data-padding-pos=\"all\" data-has-bg-color=\"false\" data-bg-color=\"\" data-bg-opacity=\"1\" data-animation=\"\" data-delay=\"0\" >\n\t\t<div class=\"vc_column-inner\" >\n\t\t\t<div class=\"wpb_wrapper\">\n\t\t\t\t<div class=\"nectar-split-heading\" data-align=\"default\" data-m-align=\"inherit\" data-text-effect=\"letter-reveal-bottom\" data-animation-type=\"line-reveal-by-space\" data-animation-delay=\"0\" data-animation-offset=\"\" data-m-rm-animation=\"true\" data-stagger=\"true\" data-custom-font-size=\"false\" ><h2 style=\" color: #ccb100;\">Energy storage<\/h2><\/div>\n<div class=\"wpb_text_column wpb_content_element\" >\n\t<p style=\"text-align: justify;\">The topic of energy storage has become more and more important in the continuously changing energy market. In cooperation with our partners, we provide household and utility-scale energy storage facilities to answer these challenges. We offer solutions that can help in the energy supply of smaller properties or companies, and that are suitable for providing complex services in the industry, as well as balancing services in the Hungarian electricity system. The capacity of our systems can be increased from 10 kWhs up to 100 MWhs. If required, we also undertake exchange-traded electricity trading related to battery energy storage systems.<\/p>\n<\/div>\n\n\n\n\n\t\t\t<\/div> \n\t\t<\/div>\n\t<\/div> \n\n\t<div  class=\"vc_col-sm-6 wpb_column column_container vc_column_container col no-extra-padding inherit_tablet inherit_phone flex_gap_desktop_10px\"  data-padding-pos=\"all\" data-has-bg-color=\"false\" data-bg-color=\"\" data-bg-opacity=\"1\" data-animation=\"\" data-delay=\"0\" >\n\t\t<div class=\"vc_column-inner\" >\n\t\t\t<div class=\"wpb_wrapper\">\n\t\t\t\t<div class=\"img-with-aniamtion-wrap center\" data-max-width=\"100%\" data-max-width-mobile=\"default\" data-border-radius=\"5px\" data-shadow=\"small_depth\" data-animation=\"fade-in-from-bottom\" >\n      <div class=\"inner\">\n        <div class=\"hover-wrap\" data-hover-animation=\"zoom-crop\"> \n          <div class=\"hover-wrap-inner\">\n            <img loading=\"lazy\" decoding=\"async\" class=\"img-with-animation skip-lazy\" data-delay=\"0\" height=\"375\" width=\"1000\" data-animation=\"fade-in-from-bottom\" src=\"https:\/\/www.fenersol.hu\/wp-content\/uploads\/2026\/01\/8739.jpg\" alt=\"\" srcset=\"https:\/\/www.fenersol.hu\/wp-content\/uploads\/2026\/01\/8739.jpg 1000w, https:\/\/www.fenersol.hu\/wp-content\/uploads\/2026\/01\/8739-300x113.jpg 300w, https:\/\/www.fenersol.hu\/wp-content\/uploads\/2026\/01\/8739-768x288.jpg 768w\" sizes=\"auto, (max-width: 1000px) 100vw, 1000px\" \/>\n          <\/div>\n        <\/div>\n        \n      <\/div>\n    <\/div>\n\t\t\t<\/div> \n\t\t<\/div>\n\t<\/div> \n<\/div><\/div>","protected":false},"excerpt":{"rendered":"Energiat\u00e1rol\u00e1s A folyamatosan \u00e1talakul\u00f3 energiapiaci k\u00f6rnyezet az energiat\u00e1rol\u00e1s k\u00e9rd\u00e9s\u00e9t is egyre kiemeltebb\u00e9 teszi. Ezen kih\u00edv\u00e1sokra biztos\u00edtunk partnereink k\u00f6zrem\u0171k\u00f6d\u00e9s\u00e9vel h\u00e1ztart\u00e1si \u00e9s ipari m\u00e9ret\u0171 akkumul\u00e1toros technol\u00f3giai megold\u00e1sokat. A kisebb, ingatlanok \u00e9s v\u00e1llalatok...","protected":false},"author":1,"featured_media":0,"parent":0,"menu_order":0,"comment_status":"closed","ping_status":"closed","template":"","meta":{"footnotes":""},"class_list":["post-302","page","type-page","status-publish"],"_links":{"self":[{"href":"https:\/\/www.fenersol.hu\/en\/wp-json\/wp\/v2\/pages\/302","targetHints":{"allow":["GET"]}}],"collection":[{"href":"https:\/\/www.fenersol.hu\/en\/wp-json\/wp\/v2\/pages"}],"about":[{"href":"https:\/\/www.fenersol.hu\/en\/wp-json\/wp\/v2\/types\/page"}],"author":[{"embeddable":true,"href":"https:\/\/www.fenersol.hu\/en\/wp-json\/wp\/v2\/users\/1"}],"replies":[{"embeddable":true,"href":"https:\/\/www.fenersol.hu\/en\/wp-json\/wp\/v2\/comments?post=302"}],"version-history":[{"count":3,"href":"https:\/\/www.fenersol.hu\/en\/wp-json\/wp\/v2\/pages\/302\/revisions"}],"predecessor-version":[{"id":327,"href":"https:\/\/www.fenersol.hu\/en\/wp-json\/wp\/v2\/pages\/302\/revisions\/327"}],"wp:attachment":[{"href":"https:\/\/www.fenersol.hu\/en\/wp-json\/wp\/v2\/media?parent=302"}],"curies":[{"name":"wp","href":"https:\/\/api.w.org\/{rel}","templated":true}]}}